{"id":22995,"date":"2025-01-09T13:32:42","date_gmt":"2025-01-09T13:32:42","guid":{"rendered":"https:\/\/www.biochek.com\/compatibilite-des-profils-de-cyclistes\/"},"modified":"2026-03-19T10:41:15","modified_gmt":"2026-03-19T10:41:15","slug":"compatibilite-des-profils-de-cyclistes","status":"publish","type":"page","link":"https:\/\/www.biochek.com\/fr\/compatibilite-des-profils-de-cyclistes\/","title":{"rendered":"Compatibilit\u00e9 des profils de cyclistes"},"content":{"rendered":"\t\t<div data-elementor-type=\"wp-page\" data-elementor-id=\"22995\" class=\"elementor elementor-22995 elementor-12149\" data-elementor-post-type=\"page\">\n\t\t\t\t<div class=\"elementor-element elementor-element-3b70a945 e-flex e-con-boxed e-con e-parent\" data-id=\"3b70a945\" data-element_type=\"container\" data-e-type=\"container\" data-settings=\"{&quot;background_background&quot;:&quot;classic&quot;}\">\n\t\t\t\t\t<div class=\"e-con-inner\">\n\t\t<div class=\"elementor-element elementor-element-197bab1d e-con-full e-flex e-con e-child\" data-id=\"197bab1d\" data-element_type=\"container\" data-e-type=\"container\">\n\t\t\t\t<div class=\"elementor-element elementor-element-496259e2 elementor-widget elementor-widget-heading\" data-id=\"496259e2\" data-element_type=\"widget\" data-e-type=\"widget\" data-widget_type=\"heading.default\">\n\t\t\t\t<div class=\"elementor-widget-container\">\n\t\t\t\t\t<h1 class=\"elementor-heading-title elementor-size-default\">Compatibilit\u00e9 des profils de cyclistes<\/h1>\t\t\t\t<\/div>\n\t\t\t\t<\/div>\n\t\t\t\t<div class=\"elementor-element elementor-element-729c753d elementor-widget elementor-widget-button\" data-id=\"729c753d\" data-element_type=\"widget\" data-e-type=\"widget\" data-widget_type=\"button.default\">\n\t\t\t\t<div class=\"elementor-widget-container\">\n\t\t\t\t\t\t\t\t\t<div class=\"elementor-button-wrapper\">\n\t\t\t\t\t<a class=\"elementor-button elementor-button-link elementor-size-sm\" href=\"https:\/\/www.biochek.com\/fr\/contact\/\">\n\t\t\t\t\t\t<span class=\"elementor-button-content-wrapper\">\n\t\t\t\t\t\t<span class=\"elementor-button-icon\">\n\t\t\t\t<svg aria-hidden=\"true\" class=\"e-font-icon-svg e-fas-arrow-right\" viewBox=\"0 0 448 512\" xmlns=\"http:\/\/www.w3.org\/2000\/svg\"><path d=\"M190.5 66.9l22.2-22.2c9.4-9.4 24.6-9.4 33.9 0L441 239c9.4 9.4 9.4 24.6 0 33.9L246.6 467.3c-9.4 9.4-24.6 9.4-33.9 0l-22.2-22.2c-9.5-9.5-9.3-25 .4-34.3L311.4 296H24c-13.3 0-24-10.7-24-24v-32c0-13.3 10.7-24 24-24h287.4L190.9 101.2c-9.8-9.3-10-24.8-.4-34.3z\"><\/path><\/svg>\t\t\t<\/span>\n\t\t\t\t\t\t\t\t\t<span class=\"elementor-button-text\">contactez-nous<\/span>\n\t\t\t\t\t<\/span>\n\t\t\t\t\t<\/a>\n\t\t\t\t<\/div>\n\t\t\t\t\t\t\t\t<\/div>\n\t\t\t\t<\/div>\n\t\t\t\t<\/div>\n\t\t<div class=\"elementor-element elementor-element-211324a2 e-con-full e-flex e-con e-child\" data-id=\"211324a2\" data-element_type=\"container\" data-e-type=\"container\">\n\t\t\t\t<\/div>\n\t\t\t\t\t<\/div>\n\t\t\t\t<\/div>\n\t\t<div class=\"elementor-element elementor-element-249dd012 e-grid e-con-boxed e-con e-parent\" data-id=\"249dd012\" data-element_type=\"container\" data-e-type=\"container\" data-settings=\"{&quot;background_background&quot;:&quot;classic&quot;}\">\n\t\t\t\t\t<div class=\"e-con-inner\">\n\t\t\t\t<div class=\"elementor-element elementor-element-45716724 elementor-widget elementor-widget-text-editor\" data-id=\"45716724\" data-element_type=\"widget\" data-e-type=\"widget\" data-widget_type=\"text-editor.default\">\n\t\t\t\t<div class=\"elementor-widget-container\">\n\t\t\t\t\t\t\t\t\t<div id=\"fws_67472fd1c937d\" class=\"wpb_row vc_row-fluid vc_row top-level\" data-column-margin=\"default\" data-midnight=\"dark\"><div class=\"row_col_wrap_12 col span_12 dark left\"><div class=\"vc_col-sm-12 wpb_column column_container vc_column_container col no-extra-padding inherit_tablet inherit_phone \" data-padding-pos=\"all\" data-has-bg-color=\"false\" data-bg-color=\"\" data-bg-opacity=\"1\" data-animation=\"\" data-delay=\"0\"><div class=\"vc_column-inner\"><div class=\"wpb_wrapper\"><div class=\"wpb_text_column wpb_content_element \"><div class=\"wpb_wrapper\"><p>La gamme <strong>vetproof\u00ae<\/strong>LyoKit est disponible dans un format pr\u00eat \u00e0 l&#8217;emploi dans lequel le m\u00e9lange r\u00e9actionnel PCR est lyophilis\u00e9 directement dans des tubes PCR. Les kits sont disponibles en deux formats : profil bas (0,1 ml, tubes PCR blancs) et profil r\u00e9gulier (0,2 ml, tubes PCR transparents). <br><br>Des tubes PCR \u00e0 profil bas ou normal doivent \u00eatre utilis\u00e9s en fonction du thermocycleur utilis\u00e9. Veuillez consulter le tableau ci-dessous et v\u00e9rifier les sp\u00e9cifications de votre thermocycleur en temps r\u00e9el pour d\u00e9terminer quel format de kit doit \u00eatre utilis\u00e9 avec votre thermocycleur. <br><br>Si votre thermocycleur n&rsquo;appara\u00eet pas dans la liste, veuillez contacter <a href=\"mailto:support@biochek.com\">support@biochek.com<\/a>.<\/p><\/div><\/div><\/div><\/div><\/div><\/div><\/div><div id=\"fws_67472fd1c97b6\" class=\"wpb_row vc_row-fluid vc_row\" data-column-margin=\"default\" data-midnight=\"dark\"><div class=\"row-bg-wrap\" data-bg-animation=\"none\" data-bg-animation-delay=\"\" data-bg-overlay=\"false\"><div class=\"inner-wrap row-bg-layer\"><div class=\"row-bg viewport-desktop\"> <\/div><\/div><\/div><div class=\"row_col_wrap_12 col span_12 dark left\"><div class=\"vc_col-sm-12 wpb_column column_container vc_column_container col no-extra-padding inherit_tablet inherit_phone \" data-padding-pos=\"all\" data-has-bg-color=\"false\" data-bg-color=\"\" data-bg-opacity=\"1\" data-animation=\"\" data-delay=\"0\"><div class=\"vc_column-inner\"><div class=\"wpb_wrapper\"><div class=\"img-with-aniamtion-wrap custom-size\" data-max-width=\"100%\" data-max-width-mobile=\"default\" data-shadow=\"none\" data-animation=\"none\"><div class=\"inner\"><div class=\"hover-wrap\"> <\/div><\/div><\/div><\/div><\/div><\/div><\/div><\/div>\t\t\t\t\t\t\t\t<\/div>\n\t\t\t\t<\/div>\n\t\t<div class=\"elementor-element elementor-element-41a4c92b e-con-full e-flex e-con e-child\" data-id=\"41a4c92b\" data-element_type=\"container\" data-e-type=\"container\">\n\t\t\t\t<div class=\"elementor-element elementor-element-a3d29db elementor-widget elementor-widget-image\" data-id=\"a3d29db\" data-element_type=\"widget\" data-e-type=\"widget\" data-widget_type=\"image.default\">\n\t\t\t\t<div class=\"elementor-widget-container\">\n\t\t\t\t\t\t\t\t\t\t\t\t\t\t\t<img fetchpriority=\"high\" decoding=\"async\" width=\"768\" height=\"985\" src=\"https:\/\/www.biochek.com\/wp-content\/uploads\/2024\/11\/Real-time-Cycler-Profile-Compatibility-for-vetproof-Lyokit-range-768x985-1.png\" class=\"attachment-large size-large wp-image-22997\" alt=\"Profil du cycleur en temps r\u00e9el-Compatibilit\u00e9 pour-vetproof-Lyokit-gamme-768x985\" srcset=\"https:\/\/www.biochek.com\/wp-content\/uploads\/2024\/11\/Real-time-Cycler-Profile-Compatibility-for-vetproof-Lyokit-range-768x985-1.png 768w, https:\/\/www.biochek.com\/wp-content\/uploads\/2024\/11\/Real-time-Cycler-Profile-Compatibility-for-vetproof-Lyokit-range-768x985-1-234x300.png 234w\" sizes=\"(max-width: 768px) 100vw, 768px\" \/>\t\t\t\t\t\t\t\t\t\t\t\t\t\t\t<\/div>\n\t\t\t\t<\/div>\n\t\t\t\t<\/div>\n\t\t\t\t\t<\/div>\n\t\t\t\t<\/div>\n\t\t<div class=\"elementor-element elementor-element-6238eda2 e-flex e-con-boxed e-con e-parent\" data-id=\"6238eda2\" data-element_type=\"container\" data-e-type=\"container\" data-settings=\"{&quot;background_background&quot;:&quot;classic&quot;}\">\n\t\t\t\t\t<div class=\"e-con-inner\">\n\t\t\t\t<div class=\"elementor-element elementor-element-615f21f8 elementor-widget elementor-widget-heading\" data-id=\"615f21f8\" data-element_type=\"widget\" data-e-type=\"widget\" data-widget_type=\"heading.default\">\n\t\t\t\t<div class=\"elementor-widget-container\">\n\t\t\t\t\t<h2 class=\"elementor-heading-title elementor-size-default\">Pour plus d'informations, contactez-nous<\/h2>\t\t\t\t<\/div>\n\t\t\t\t<\/div>\n\t\t\t\t<div class=\"elementor-element elementor-element-3b21ca7e elementor-widget elementor-widget-button\" data-id=\"3b21ca7e\" data-element_type=\"widget\" data-e-type=\"widget\" data-widget_type=\"button.default\">\n\t\t\t\t<div class=\"elementor-widget-container\">\n\t\t\t\t\t\t\t\t\t<div class=\"elementor-button-wrapper\">\n\t\t\t\t\t<a class=\"elementor-button elementor-button-link elementor-size-sm\" href=\"https:\/\/www.biochek.com\/fr\/contact\/\">\n\t\t\t\t\t\t<span class=\"elementor-button-content-wrapper\">\n\t\t\t\t\t\t<span class=\"elementor-button-icon\">\n\t\t\t\t<svg aria-hidden=\"true\" class=\"e-font-icon-svg e-fas-arrow-right\" viewBox=\"0 0 448 512\" xmlns=\"http:\/\/www.w3.org\/2000\/svg\"><path d=\"M190.5 66.9l22.2-22.2c9.4-9.4 24.6-9.4 33.9 0L441 239c9.4 9.4 9.4 24.6 0 33.9L246.6 467.3c-9.4 9.4-24.6 9.4-33.9 0l-22.2-22.2c-9.5-9.5-9.3-25 .4-34.3L311.4 296H24c-13.3 0-24-10.7-24-24v-32c0-13.3 10.7-24 24-24h287.4L190.9 101.2c-9.8-9.3-10-24.8-.4-34.3z\"><\/path><\/svg>\t\t\t<\/span>\n\t\t\t\t\t\t\t\t\t<span class=\"elementor-button-text\">Cliquez ici<\/span>\n\t\t\t\t\t<\/span>\n\t\t\t\t\t<\/a>\n\t\t\t\t<\/div>\n\t\t\t\t\t\t\t\t<\/div>\n\t\t\t\t<\/div>\n\t\t\t\t\t<\/div>\n\t\t\t\t<\/div>\n\t\t\t\t<\/div>\n\t\t","protected":false},"excerpt":{"rendered":"<p>Compatibilit\u00e9 des profils de cyclistes contactez-nous La gamme vetproof\u00aeLyoKit est disponible dans un format pr\u00eat \u00e0 l&#8217;emploi dans lequel le m\u00e9lange r\u00e9actionnel PCR est lyophilis\u00e9 directement dans des tubes PCR. Les kits sont disponibles en deux formats : profil bas (0,1 ml, tubes PCR blancs) et profil r\u00e9gulier (0,2 ml, tubes PCR transparents). Des tubes [&hellip;]<\/p>\n","protected":false},"author":1,"featured_media":0,"parent":0,"menu_order":0,"comment_status":"closed","ping_status":"closed","template":"elementor_header_footer","meta":{"footnotes":""},"class_list":["post-22995","page","type-page","status-publish","hentry"],"yoast_head":"<!-- This site is optimized with the Yoast SEO plugin v27.5 - https:\/\/yoast.com\/product\/yoast-seo-wordpress\/ -->\n<title>Compatibilit\u00e9 des profils de cyclistes - BioChek<\/title>\n<meta name=\"robots\" content=\"index, follow, max-snippet:-1, max-image-preview:large, max-video-preview:-1\" \/>\n<link rel=\"canonical\" href=\"https:\/\/www.biochek.com\/fr\/compatibilite-des-profils-de-cyclistes\/\" \/>\n<meta property=\"og:locale\" content=\"fr_FR\" \/>\n<meta property=\"og:type\" content=\"article\" \/>\n<meta property=\"og:title\" content=\"Compatibilit\u00e9 des profils de cyclistes - BioChek\" \/>\n<meta property=\"og:description\" content=\"Compatibilit\u00e9 des profils de cyclistes contactez-nous La gamme vetproof\u00aeLyoKit est disponible dans un format pr\u00eat \u00e0 l&#8217;emploi dans lequel le m\u00e9lange r\u00e9actionnel PCR est lyophilis\u00e9 directement dans des tubes PCR. Les kits sont disponibles en deux formats : profil bas (0,1 ml, tubes PCR blancs) et profil r\u00e9gulier (0,2 ml, tubes PCR transparents). Des tubes [&hellip;]\" \/>\n<meta property=\"og:url\" content=\"https:\/\/www.biochek.com\/fr\/compatibilite-des-profils-de-cyclistes\/\" \/>\n<meta property=\"og:site_name\" content=\"BioChek\" \/>\n<meta property=\"article:modified_time\" content=\"2026-03-19T10:41:15+00:00\" \/>\n<meta property=\"og:image\" content=\"https:\/\/www.biochek.com\/wp-content\/uploads\/2024\/11\/Real-time-Cycler-Profile-Compatibility-for-vetproof-Lyokit-range-768x985-1.png\" \/>\n\t<meta property=\"og:image:width\" content=\"768\" \/>\n\t<meta property=\"og:image:height\" content=\"985\" \/>\n\t<meta property=\"og:image:type\" content=\"image\/png\" \/>\n<meta name=\"twitter:card\" content=\"summary_large_image\" \/>\n<meta name=\"twitter:label1\" content=\"Dur\u00e9e de lecture estim\u00e9e\" \/>\n\t<meta name=\"twitter:data1\" content=\"1 minute\" \/>\n<script type=\"application\/ld+json\" class=\"yoast-schema-graph\">{\"@context\":\"https:\\\/\\\/schema.org\",\"@graph\":[{\"@type\":\"WebPage\",\"@id\":\"https:\\\/\\\/www.biochek.com\\\/fr\\\/compatibilite-des-profils-de-cyclistes\\\/\",\"url\":\"https:\\\/\\\/www.biochek.com\\\/fr\\\/compatibilite-des-profils-de-cyclistes\\\/\",\"name\":\"Compatibilit\u00e9 des profils de cyclistes - BioChek\",\"isPartOf\":{\"@id\":\"https:\\\/\\\/www.biochek.com\\\/fr\\\/#website\"},\"primaryImageOfPage\":{\"@id\":\"https:\\\/\\\/www.biochek.com\\\/fr\\\/compatibilite-des-profils-de-cyclistes\\\/#primaryimage\"},\"image\":{\"@id\":\"https:\\\/\\\/www.biochek.com\\\/fr\\\/compatibilite-des-profils-de-cyclistes\\\/#primaryimage\"},\"thumbnailUrl\":\"https:\\\/\\\/www.biochek.com\\\/wp-content\\\/uploads\\\/2024\\\/11\\\/Real-time-Cycler-Profile-Compatibility-for-vetproof-Lyokit-range-768x985-1.png\",\"datePublished\":\"2025-01-09T13:32:42+00:00\",\"dateModified\":\"2026-03-19T10:41:15+00:00\",\"breadcrumb\":{\"@id\":\"https:\\\/\\\/www.biochek.com\\\/fr\\\/compatibilite-des-profils-de-cyclistes\\\/#breadcrumb\"},\"inLanguage\":\"fr-FR\",\"potentialAction\":[{\"@type\":\"ReadAction\",\"target\":[\"https:\\\/\\\/www.biochek.com\\\/fr\\\/compatibilite-des-profils-de-cyclistes\\\/\"]}]},{\"@type\":\"ImageObject\",\"inLanguage\":\"fr-FR\",\"@id\":\"https:\\\/\\\/www.biochek.com\\\/fr\\\/compatibilite-des-profils-de-cyclistes\\\/#primaryimage\",\"url\":\"https:\\\/\\\/www.biochek.com\\\/wp-content\\\/uploads\\\/2024\\\/11\\\/Real-time-Cycler-Profile-Compatibility-for-vetproof-Lyokit-range-768x985-1.png\",\"contentUrl\":\"https:\\\/\\\/www.biochek.com\\\/wp-content\\\/uploads\\\/2024\\\/11\\\/Real-time-Cycler-Profile-Compatibility-for-vetproof-Lyokit-range-768x985-1.png\"},{\"@type\":\"BreadcrumbList\",\"@id\":\"https:\\\/\\\/www.biochek.com\\\/fr\\\/compatibilite-des-profils-de-cyclistes\\\/#breadcrumb\",\"itemListElement\":[{\"@type\":\"ListItem\",\"position\":1,\"name\":\"Home\",\"item\":\"https:\\\/\\\/www.biochek.com\\\/fr\\\/accueil\\\/\"},{\"@type\":\"ListItem\",\"position\":2,\"name\":\"Compatibilit\u00e9 des profils de cyclistes\"}]},{\"@type\":\"WebSite\",\"@id\":\"https:\\\/\\\/www.biochek.com\\\/fr\\\/#website\",\"url\":\"https:\\\/\\\/www.biochek.com\\\/fr\\\/\",\"name\":\"BioChek - Smart Veterinairy Diagnostics\",\"description\":\"Smart Veterinairy Diagnostics\",\"publisher\":{\"@id\":\"https:\\\/\\\/www.biochek.com\\\/fr\\\/#organization\"},\"alternateName\":\"BioChek\",\"potentialAction\":[{\"@type\":\"SearchAction\",\"target\":{\"@type\":\"EntryPoint\",\"urlTemplate\":\"https:\\\/\\\/www.biochek.com\\\/fr\\\/?s={search_term_string}\"},\"query-input\":{\"@type\":\"PropertyValueSpecification\",\"valueRequired\":true,\"valueName\":\"search_term_string\"}}],\"inLanguage\":\"fr-FR\"},{\"@type\":\"Organization\",\"@id\":\"https:\\\/\\\/www.biochek.com\\\/fr\\\/#organization\",\"name\":\"BioChek, Smart Vetarinairy Diagnostics\",\"alternateName\":\"BioChek\",\"url\":\"https:\\\/\\\/www.biochek.com\\\/fr\\\/\",\"logo\":{\"@type\":\"ImageObject\",\"inLanguage\":\"fr-FR\",\"@id\":\"https:\\\/\\\/www.biochek.com\\\/fr\\\/#\\\/schema\\\/logo\\\/image\\\/\",\"url\":\"https:\\\/\\\/www.biochek.com\\\/wp-content\\\/uploads\\\/2026\\\/01\\\/Biochek-Logo-basic-red-white-RGB.avif\",\"contentUrl\":\"https:\\\/\\\/www.biochek.com\\\/wp-content\\\/uploads\\\/2026\\\/01\\\/Biochek-Logo-basic-red-white-RGB.avif\",\"width\":1348,\"height\":261,\"caption\":\"BioChek, Smart Vetarinairy Diagnostics\"},\"image\":{\"@id\":\"https:\\\/\\\/www.biochek.com\\\/fr\\\/#\\\/schema\\\/logo\\\/image\\\/\"},\"sameAs\":[\"https:\\\/\\\/www.linkedin.com\\\/company\\\/biochek\\\/posts\\\/?feedView=all\"]}]}<\/script>\n<!-- \/ Yoast SEO plugin. -->","yoast_head_json":{"title":"Compatibilit\u00e9 des profils de cyclistes - BioChek","robots":{"index":"index","follow":"follow","max-snippet":"max-snippet:-1","max-image-preview":"max-image-preview:large","max-video-preview":"max-video-preview:-1"},"canonical":"https:\/\/www.biochek.com\/fr\/compatibilite-des-profils-de-cyclistes\/","og_locale":"fr_FR","og_type":"article","og_title":"Compatibilit\u00e9 des profils de cyclistes - BioChek","og_description":"Compatibilit\u00e9 des profils de cyclistes contactez-nous La gamme vetproof\u00aeLyoKit est disponible dans un format pr\u00eat \u00e0 l&#8217;emploi dans lequel le m\u00e9lange r\u00e9actionnel PCR est lyophilis\u00e9 directement dans des tubes PCR. Les kits sont disponibles en deux formats : profil bas (0,1 ml, tubes PCR blancs) et profil r\u00e9gulier (0,2 ml, tubes PCR transparents). Des tubes [&hellip;]","og_url":"https:\/\/www.biochek.com\/fr\/compatibilite-des-profils-de-cyclistes\/","og_site_name":"BioChek","article_modified_time":"2026-03-19T10:41:15+00:00","og_image":[{"width":768,"height":985,"url":"https:\/\/www.biochek.com\/wp-content\/uploads\/2024\/11\/Real-time-Cycler-Profile-Compatibility-for-vetproof-Lyokit-range-768x985-1.png","type":"image\/png"}],"twitter_card":"summary_large_image","twitter_misc":{"Dur\u00e9e de lecture estim\u00e9e":"1 minute"},"schema":{"@context":"https:\/\/schema.org","@graph":[{"@type":"WebPage","@id":"https:\/\/www.biochek.com\/fr\/compatibilite-des-profils-de-cyclistes\/","url":"https:\/\/www.biochek.com\/fr\/compatibilite-des-profils-de-cyclistes\/","name":"Compatibilit\u00e9 des profils de cyclistes - BioChek","isPartOf":{"@id":"https:\/\/www.biochek.com\/fr\/#website"},"primaryImageOfPage":{"@id":"https:\/\/www.biochek.com\/fr\/compatibilite-des-profils-de-cyclistes\/#primaryimage"},"image":{"@id":"https:\/\/www.biochek.com\/fr\/compatibilite-des-profils-de-cyclistes\/#primaryimage"},"thumbnailUrl":"https:\/\/www.biochek.com\/wp-content\/uploads\/2024\/11\/Real-time-Cycler-Profile-Compatibility-for-vetproof-Lyokit-range-768x985-1.png","datePublished":"2025-01-09T13:32:42+00:00","dateModified":"2026-03-19T10:41:15+00:00","breadcrumb":{"@id":"https:\/\/www.biochek.com\/fr\/compatibilite-des-profils-de-cyclistes\/#breadcrumb"},"inLanguage":"fr-FR","potentialAction":[{"@type":"ReadAction","target":["https:\/\/www.biochek.com\/fr\/compatibilite-des-profils-de-cyclistes\/"]}]},{"@type":"ImageObject","inLanguage":"fr-FR","@id":"https:\/\/www.biochek.com\/fr\/compatibilite-des-profils-de-cyclistes\/#primaryimage","url":"https:\/\/www.biochek.com\/wp-content\/uploads\/2024\/11\/Real-time-Cycler-Profile-Compatibility-for-vetproof-Lyokit-range-768x985-1.png","contentUrl":"https:\/\/www.biochek.com\/wp-content\/uploads\/2024\/11\/Real-time-Cycler-Profile-Compatibility-for-vetproof-Lyokit-range-768x985-1.png"},{"@type":"BreadcrumbList","@id":"https:\/\/www.biochek.com\/fr\/compatibilite-des-profils-de-cyclistes\/#breadcrumb","itemListElement":[{"@type":"ListItem","position":1,"name":"Home","item":"https:\/\/www.biochek.com\/fr\/accueil\/"},{"@type":"ListItem","position":2,"name":"Compatibilit\u00e9 des profils de cyclistes"}]},{"@type":"WebSite","@id":"https:\/\/www.biochek.com\/fr\/#website","url":"https:\/\/www.biochek.com\/fr\/","name":"BioChek - Smart Veterinairy Diagnostics","description":"Smart Veterinairy Diagnostics","publisher":{"@id":"https:\/\/www.biochek.com\/fr\/#organization"},"alternateName":"BioChek","potentialAction":[{"@type":"SearchAction","target":{"@type":"EntryPoint","urlTemplate":"https:\/\/www.biochek.com\/fr\/?s={search_term_string}"},"query-input":{"@type":"PropertyValueSpecification","valueRequired":true,"valueName":"search_term_string"}}],"inLanguage":"fr-FR"},{"@type":"Organization","@id":"https:\/\/www.biochek.com\/fr\/#organization","name":"BioChek, Smart Vetarinairy Diagnostics","alternateName":"BioChek","url":"https:\/\/www.biochek.com\/fr\/","logo":{"@type":"ImageObject","inLanguage":"fr-FR","@id":"https:\/\/www.biochek.com\/fr\/#\/schema\/logo\/image\/","url":"https:\/\/www.biochek.com\/wp-content\/uploads\/2026\/01\/Biochek-Logo-basic-red-white-RGB.avif","contentUrl":"https:\/\/www.biochek.com\/wp-content\/uploads\/2026\/01\/Biochek-Logo-basic-red-white-RGB.avif","width":1348,"height":261,"caption":"BioChek, Smart Vetarinairy Diagnostics"},"image":{"@id":"https:\/\/www.biochek.com\/fr\/#\/schema\/logo\/image\/"},"sameAs":["https:\/\/www.linkedin.com\/company\/biochek\/posts\/?feedView=all"]}]}},"_links":{"self":[{"href":"https:\/\/www.biochek.com\/fr\/wp-json\/wp\/v2\/pages\/22995","targetHints":{"allow":["GET"]}}],"collection":[{"href":"https:\/\/www.biochek.com\/fr\/wp-json\/wp\/v2\/pages"}],"about":[{"href":"https:\/\/www.biochek.com\/fr\/wp-json\/wp\/v2\/types\/page"}],"author":[{"embeddable":true,"href":"https:\/\/www.biochek.com\/fr\/wp-json\/wp\/v2\/users\/1"}],"replies":[{"embeddable":true,"href":"https:\/\/www.biochek.com\/fr\/wp-json\/wp\/v2\/comments?post=22995"}],"version-history":[{"count":2,"href":"https:\/\/www.biochek.com\/fr\/wp-json\/wp\/v2\/pages\/22995\/revisions"}],"predecessor-version":[{"id":23431,"href":"https:\/\/www.biochek.com\/fr\/wp-json\/wp\/v2\/pages\/22995\/revisions\/23431"}],"wp:attachment":[{"href":"https:\/\/www.biochek.com\/fr\/wp-json\/wp\/v2\/media?parent=22995"}],"curies":[{"name":"wp","href":"https:\/\/api.w.org\/{rel}","templated":true}]}}